{"id":946,"date":"2022-07-15T10:50:55","date_gmt":"2022-07-15T08:50:55","guid":{"rendered":"https:\/\/maxiedisc.appworksdev.pl\/?page_id=946"},"modified":"2022-08-01T10:41:03","modified_gmt":"2022-08-01T08:41:03","slug":"zwiekszanie-sprzedazy","status":"publish","type":"page","link":"https:\/\/maxiedisc.com\/en\/zwiekszanie-sprzedazy\/","title":{"rendered":"Wykorzystanie MaxieDISC\u00ae w sprzeda\u017cy"},"content":{"rendered":"<p>[et_pb_section fb_built=&#8221;1&#8243; _builder_version=&#8221;4.17.4&#8243; _module_preset=&#8221;default&#8221; global_colors_info=&#8221;{}&#8221;][et_pb_row _builder_version=&#8221;4.17.4&#8243; _module_preset=&#8221;default&#8221; global_colors_info=&#8221;{}&#8221;][et_pb_column type=&#8221;4_4&#8243; _builder_version=&#8221;4.17.4&#8243; _module_preset=&#8221;default&#8221; global_colors_info=&#8221;{}&#8221;][et_pb_text _builder_version=&#8221;4.17.4&#8243; _module_preset=&#8221;default&#8221; hover_enabled=&#8221;0&#8243; global_colors_info=&#8221;{}&#8221; text_font_size=&#8221;16px&#8221; sticky_enabled=&#8221;0&#8243;]<\/p>\n<h1>Jak zwi\u0119kszy\u0107 sprzeda\u017c i efektywno\u015b\u0107<\/h1>\n<p>Wiemy, \u017ce praktycznie ka\u017cdy sprzedawca mo\u017ce sprzedawa\u0107 jeszcze wi\u0119cej, je\u015bli otrzyma odpowiednie narz\u0119dzia.<\/p>\n<p>Zwi\u0119kszenie sprzeda\u017cy nast\u0119puje dzi\u0119ki dopasowaniu ca\u0142ego procesu sprzeda\u017cy do indywidualnego stylu zachowa\u0144 klienta.<br \/>Wykorzystuj\u0105c MaxieDISC\u00ae Sales System sprzedawca osi\u0105ga bardzo wysoki poziom rozpoznawania potrzeb klienta, nawet je\u015bli klient ich nie wypowie!<br \/>Dzi\u0119ki temu b\u0119dzie wiedzia\u0142 co i jak klientowi zaoferowa\u0107, nie tylko na poziomie produktowym, ale r\u00f3wnie\u017c psychologicznym.<\/p>\n<p>MaxieDISC\u00ae Sales System to sprawdzona metoda, dzi\u0119ki kt\u00f3rej sprzedawcy w kr\u00f3tkim czasie osi\u0105gaj\u0105 znacz\u0105ce efekty. Wdra\u017cana z sukcesem zar\u00f3wno w du\u017cych przedsi\u0119biorstwach o wielomilionowych obrotach, jak i w ma\u0142ych jednoosobowych firmach.<\/p>\n<p>[\/et_pb_text][\/et_pb_column][\/et_pb_row][\/et_pb_section][et_pb_section fb_built=&#8221;1&#8243; _builder_version=&#8221;4.17.4&#8243; _module_preset=&#8221;default&#8221; background_color=&#8221;#F1EEF5&#8243; global_colors_info=&#8221;{}&#8221;][et_pb_row _builder_version=&#8221;4.17.4&#8243; _module_preset=&#8221;default&#8221; global_colors_info=&#8221;{}&#8221;][et_pb_column type=&#8221;4_4&#8243; _builder_version=&#8221;4.17.4&#8243; _module_preset=&#8221;default&#8221; global_colors_info=&#8221;{}&#8221;][et_pb_text _builder_version=&#8221;4.17.4&#8243; _module_preset=&#8221;default&#8221; global_colors_info=&#8221;{}&#8221;]<\/p>\n<div class=\"x-container max width\">\n<div class=\"x-column x-sm x-1-1\">\n<div class=\"x-text\">\n<h2 style=\"text-align: center;\">Co s\u0105dz\u0105 o MaxieDISC najefektywniejsi sprzedawcy w swoich bran\u017cach:<\/h2>\n<\/div>\n<div class=\"x-text\" style=\"text-align: center;\">\n<h4><\/h4>\n<p>&nbsp;<\/p>\n<h4>\u201cKa\u017cdy kto che by\u0107 dobry musi to zna\u0107!\u201d<\/h4>\n<p>Arkadiusz B\u0142aut, Fanuc<\/p>\n<\/div>\n<div class=\"x-text\" style=\"text-align: center;\">\n<h4><\/h4>\n<h4>\u201cPowiem szczerze, \u017ce robi niesamowite wra\u017cenie\u201d<\/h4>\n<p>Grzegorz Moskal, Omega-Pilzno<\/p>\n<\/div>\n<\/div>\n<\/div>\n<p>[\/et_pb_text][\/et_pb_column][\/et_pb_row][\/et_pb_section][et_pb_section fb_built=&#8221;1&#8243; _builder_version=&#8221;4.17.4&#8243; _module_preset=&#8221;default&#8221; global_colors_info=&#8221;{}&#8221;][et_pb_row _builder_version=&#8221;4.17.4&#8243; _module_preset=&#8221;default&#8221; custom_padding=&#8221;54px|||||&#8221; global_colors_info=&#8221;{}&#8221;][et_pb_column type=&#8221;4_4&#8243; _builder_version=&#8221;4.17.4&#8243; _module_preset=&#8221;default&#8221; global_colors_info=&#8221;{}&#8221;][et_pb_text _builder_version=&#8221;4.17.4&#8243; _module_preset=&#8221;default&#8221; global_colors_info=&#8221;{}&#8221; text_font_size=&#8221;16px&#8221; hover_enabled=&#8221;0&#8243; sticky_enabled=&#8221;0&#8243;]<\/p>\n<h2>Sukces w sprzeda\u017cy z wykorzystaniem MaxieDISC\u00ae<\/h2>\n<p>Wierzymy, \u017ce sprzedawcy mog\u0105 sprzedawa\u0107 wi\u0119cej i lepiej. W wi\u0119kszo\u015bci przypadk\u00f3w nie trzeba do tego wiele. Dla nas w sprzeda\u017cy najwa\u017cniejsza jest relacja z klientem i umiej\u0119tno\u015b\u0107 realizacji jego potrzeb. Czym wy\u017csze kontrakty, tym nabiera ona wi\u0119kszego znaczenia. W ko\u0144cu klient ma nam powierzy\u0107 swoje pieni\u0105dze w zamian za obietnic\u0119\u2026 Wiemy, \u017ce tylko dobrze rozumiej\u0105c klienta i jego potrzeby mo\u017cemy dokona\u0107 transakcji, w kt\u00f3rej wygrywaj\u0105 obie strony. Wierzymy, \u017ce dobrzy sprzedawcy chc\u0105 i potrafi\u0105 budowa\u0107 mocne relacje z klientami oparte na zaufaniu i dobrej komunikacji.<\/p>\n<h2>Najlepszy sprzedawca<\/h2>\n<p>Zgodnie z nasz\u0105 filozofi\u0105 zadaniem sprzedawcy jest wspieranie klient\u00f3w w rozwi\u0105zywaniu ich problem\u00f3w. Do\u015bwiadczenie wielu lat pracy w sprzeda\u017cy oraz nauczania sprzeda\u017cy pokazuje, \u017ce najlepszymi sprzedawcami s\u0105 osoby, kt\u00f3re umiej\u0105 odczyta\u0107 potrzeby klient\u00f3w, znaj\u0105 ich problemy i potrafi\u0105 znale\u017a\u0107 rozwi\u0105zania, dzi\u0119ki kt\u00f3rym klient odczuje spok\u00f3j i pewno\u015b\u0107.<\/p>\n<p><strong>Jak to zrobi\u0107? Potrzebne s\u0105 dwie umiej\u0119tno\u015bci:<\/strong><\/p>\n<ul>\n<li>aktywne s\u0142uchanie ze zrozumieniem oraz<\/li>\n<li>m\u00f3wienie j\u0119zykiem zrozumia\u0142ym dla klienta.<\/li>\n<\/ul>\n<p>Wbrew pozorom nie jest to takie proste. Klienci maj\u0105 swoje indywidualne style komunikowania si\u0119 oraz wyra\u017cania potrzeb. Je\u015bli akurat przypadkiem reprezentujemy podobny style b\u0119dzie si\u0119 nam \u0142atwo porozumie\u0107. W przeciwnym razie mo\u017ce si\u0119 nam zdawa\u0107, \u017ce przekazali\u015bmy informacje, ale trafiaj\u0105 one w pr\u00f3\u017cni\u0119.<\/p>\n<p><strong>Klient:<\/strong> Czy to b\u0119dzie dobre dla mojej firmy?<br \/><strong>Sprzedawca:<\/strong> Parametry naszego produktu s\u0105 na najwy\u017cszym poziomie. Bezawaryjno\u015b\u0107 wynosi 98,5%.<\/p>\n<p><strong>Jak sobie z tym poradzi\u0107?<\/strong><\/p>\n<p>Z pomoc\u0105 przychodzi nasz MaxieDISC. Jest to zaawansowane narz\u0119dzie do rozpoznawania styl\u00f3w dzia\u0142ania i komunikowana si\u0119.<br \/>Dzi\u0119ki rozpoznaniu swojego stylu komunikacji oraz nauczeniu si\u0119 rozpoznawania stylu klienta \u00a0handlowiec b\u0119dzie w stanie zrozumie\u0107 potrzeby klienta (nawet te, kt\u00f3rych nie wypowie) oraz przedstawi\u0107 mu ofert\u0119 oraz argumenty w spos\u00f3b przeznaczony dla jego stylu, czyli da\u0107 dok\u0142adnie to, czego klient oczekuje. Dzi\u0119ki takim dzia\u0142aniom nasi klienci dokonali ju\u017c sprzeda\u017cy liczonej w dziesi\u0105tkach milion\u00f3w euro!<\/p>\n<h2>MaxieDISC\u00ae \u2013 Raport Styl\u00f3w Sprzedawcy<\/h2>\n<p>Jednym z element\u00f3w wykorzystywanych do zwi\u0119kszania sprzeda\u017cy jest specjalna diagnoza i raport <strong>Styl\u00f3w Sprzedawcy MaxieDISC\u00ae<\/strong>. Dzi\u0119ki niej sprzedawca odkryje sw\u00f3j preferowany styl komunikacyjny oraz nauczy si\u0119 rozpoznawa\u0107 style klient\u00f3w i rozmawia\u0107 z nimi tak, aby dobrze rozumie\u0107 i by\u0107 rozumianym. W efekcie tego ro\u015bnie sprzeda\u017c<\/p>\n<p><strong>Wykorzystuj\u0105c model i raporty MaxieDISC\u00ae dowiesz si\u0119 mi\u0119dzy innymi tego, co motywuje Ciebie i klient\u00f3w:<\/strong><\/p>\n<ul>\n<li>Ch\u0119\u0107 zmiany, czy bezpiecze\u0144stwo?<\/li>\n<li>Podejmowanie wyzwa\u0144, a mo\u017ce dbanie o ludzi?<\/li>\n<li>Dobra atmosfera w zespole, czy \u015bcis\u0142e trzymanie si\u0119 procedur?<\/li>\n<\/ul>\n<p>To tylko kilka przyk\u0142ad\u00f3w. W pe\u0142nym &#8222;Raporcie Styl\u00f3w Sprzedawcy&#8221;\u00a0znajdziesz du\u017co wi\u0119cej informacji, dzi\u0119ki kt\u00f3rym podejmiesz du\u017co lepsze decyzje sprzeda\u017cowe.<\/p>\n<p>Dzi\u0119ki modelowi MaxieDISC\u00ae zrozumiesz, dlaczego niekt\u00f3rzy klienci podejmuj\u0105 decyzje szybko, a niekt\u00f3rzy wolno. Dlaczego z niekt\u00f3rymi rozmawia Ci si\u0119 \u015bwietnie, a niekt\u00f3rym nie potrafisz niczego wyt\u0142umaczy\u0107 czy sprzeda\u0107.<\/p>\n<p>Chcesz wiedzie\u0107 wi\u0119cej? Przeczytaj &#8222;Czym jest MaxieDISC\u00ae?&#8221;[\/et_pb_text][et_pb_button button_url=&#8221;@ET-DC@eyJkeW5hbWljIjp0cnVlLCJjb250ZW50IjoicG9zdF9saW5rX3VybF9wYWdlIiwic2V0dGluZ3MiOnsicG9zdF9pZCI6Ijc4MyJ9fQ==@&#8221; button_text=&#8221;Czym jest MaxieDISC\u00ae?&#8221; button_alignment_tablet=&#8221;center&#8221; button_alignment_phone=&#8221;center&#8221; button_alignment_last_edited=&#8221;on|phone&#8221; _builder_version=&#8221;4.17.4&#8243; _dynamic_attributes=&#8221;button_url&#8221; _module_preset=&#8221;default&#8221; custom_button=&#8221;on&#8221; button_text_size=&#8221;15px&#8221; button_text_color=&#8221;#FFFFFF&#8221; button_bg_color=&#8221;#73628a&#8221; button_border_width=&#8221;0px&#8221; button_border_radius=&#8221;30px&#8221; button_font=&#8221;Mulish||||||||&#8221; button_use_icon=&#8221;off&#8221; custom_margin_tablet=&#8221;&#8221; custom_margin_phone=&#8221;||40px||false|false&#8221; custom_margin_last_edited=&#8221;on|phone&#8221; custom_padding=&#8221;12px|50px|12px|50px|true|true&#8221; hover_enabled=&#8221;0&#8243; box_shadow_style=&#8221;preset3&#8243; box_shadow_vertical=&#8221;0px&#8221; box_shadow_blur=&#8221;0px&#8221; box_shadow_color=&#8221;rgba(0,0,0,0.2)&#8221; global_colors_info=&#8221;{}&#8221; custom_padding__hover_enabled=&#8221;on|hover&#8221; custom_padding__hover=&#8221;12px|60px|12px|60px|true|true&#8221; box_shadow_vertical__hover_enabled=&#8221;on|hover&#8221; box_shadow_vertical__hover=&#8221;10px&#8221; box_shadow_blur__hover_enabled=&#8221;on|hover&#8221; box_shadow_blur__hover=&#8221;40px&#8221; locked=&#8221;off&#8221; sticky_enabled=&#8221;0&#8243;][\/et_pb_button][\/et_pb_column][\/et_pb_row][\/et_pb_section]<\/p>\n","protected":false},"excerpt":{"rendered":"<p>Jak zwi\u0119kszy\u0107 sprzeda\u017c i efektywno\u015b\u0107 Wiemy, \u017ce praktycznie ka\u017cdy sprzedawca mo\u017ce sprzedawa\u0107 jeszcze wi\u0119cej, je\u015bli otrzyma odpowiednie narz\u0119dzia. Zwi\u0119kszenie sprzeda\u017cy nast\u0119puje dzi\u0119ki dopasowaniu ca\u0142ego procesu sprzeda\u017cy do indywidualnego stylu zachowa\u0144 klienta.Wykorzystuj\u0105c MaxieDISC\u00ae Sales System sprzedawca osi\u0105ga bardzo wysoki poziom rozpoznawania potrzeb klienta, nawet je\u015bli klient ich nie wypowie!Dzi\u0119ki temu b\u0119dzie wiedzia\u0142 co i jak klientowi [&hellip;]<\/p>\n","protected":false},"author":2,"featured_media":0,"parent":0,"menu_order":0,"comment_status":"closed","ping_status":"closed","template":"","meta":{"_et_pb_use_builder":"on","_et_pb_old_content":"","_et_gb_content_width":"","inline_featured_image":false,"footnotes":""},"class_list":["post-946","page","type-page","status-publish","hentry"],"_links":{"self":[{"href":"https:\/\/maxiedisc.com\/en\/wp-json\/wp\/v2\/pages\/946","targetHints":{"allow":["GET"]}}],"collection":[{"href":"https:\/\/maxiedisc.com\/en\/wp-json\/wp\/v2\/pages"}],"about":[{"href":"https:\/\/maxiedisc.com\/en\/wp-json\/wp\/v2\/types\/page"}],"author":[{"embeddable":true,"href":"https:\/\/maxiedisc.com\/en\/wp-json\/wp\/v2\/users\/2"}],"replies":[{"embeddable":true,"href":"https:\/\/maxiedisc.com\/en\/wp-json\/wp\/v2\/comments?post=946"}],"version-history":[{"count":8,"href":"https:\/\/maxiedisc.com\/en\/wp-json\/wp\/v2\/pages\/946\/revisions"}],"predecessor-version":[{"id":1198,"href":"https:\/\/maxiedisc.com\/en\/wp-json\/wp\/v2\/pages\/946\/revisions\/1198"}],"wp:attachment":[{"href":"https:\/\/maxiedisc.com\/en\/wp-json\/wp\/v2\/media?parent=946"}],"curies":[{"name":"wp","href":"https:\/\/api.w.org\/{rel}","templated":true}]}}