{"id":887,"date":"2022-07-11T13:45:23","date_gmt":"2022-07-11T11:45:23","guid":{"rendered":"https:\/\/maxiedisc.appworksdev.pl\/?page_id=887"},"modified":"2022-07-11T14:00:37","modified_gmt":"2022-07-11T12:00:37","slug":"konsultant-biznesowy-maxiedisc","status":"publish","type":"page","link":"https:\/\/maxiedisc.com\/en\/konsultant-biznesowy-maxiedisc\/","title":{"rendered":"Konsultant Biznesowy MaxieDISC\u00ae"},"content":{"rendered":"<p>[et_pb_section fb_built=&#8221;1&#8243; theme_builder_area=&#8221;post_content&#8221; _builder_version=&#8221;4.17.4&#8243; _module_preset=&#8221;default&#8221;][et_pb_row _builder_version=&#8221;4.17.4&#8243; _module_preset=&#8221;default&#8221; theme_builder_area=&#8221;post_content&#8221;][et_pb_column _builder_version=&#8221;4.17.4&#8243; _module_preset=&#8221;default&#8221; type=&#8221;4_4&#8243; theme_builder_area=&#8221;post_content&#8221;][et_pb_text _builder_version=&#8221;4.17.4&#8243; _module_preset=&#8221;default&#8221; theme_builder_area=&#8221;post_content&#8221; hover_enabled=&#8221;0&#8243; sticky_enabled=&#8221;0&#8243;]<\/p>\n<h1>Konsultant Biznesowy MaxieDISC\u00ae<\/h1>\n<p>[\/et_pb_text][et_pb_text _builder_version=&#8221;4.17.4&#8243; _module_preset=&#8221;default&#8221; theme_builder_area=&#8221;post_content&#8221; hover_enabled=&#8221;0&#8243; sticky_enabled=&#8221;0&#8243;]<\/p>\n<p><strong>CO POWODUJE, \u017bE NIEKT\u00d3RZY DORADCY I KONSULTANCI OSI\u0104GAJ\u0104 SUKCES, A INNI NIE?<\/strong><\/p>\n<p><strong>My wiemy, co to jest, bo wielokrotnie sprawdzili\u015bmy do w firmach i chcemy pokaza\u0107 Pa\u0144stwu narz\u0119dzia i metody, kt\u00f3re decyduj\u0105 o sukcesie.<\/strong><\/p>\n<p>Celem szkolenia jest pokazanie i nauczenie, jak mo\u017cecie skutecznie pomaga\u0107 waszym klientom w biznesie tak, aby ich firmy ros\u0142y, rozwija\u0142y si\u0119 i przezwyci\u0119\u017ca\u0142y problemy.<\/p>\n<p>Jak diagnozowa\u0107 i usprawnia\u0107 zespo\u0142y, zwi\u0119ksza\u0107 sprzeda\u017c oraz s\u0142ucha\u0107 i us\u0142ysze\u0107 niewypowiedziane my\u015bli klienta. Korzystamy z tego wszystkiego na ka\u017cdym kroku i dzi\u0119ki tym narz\u0119dziom nasi klienci osi\u0105gaj\u0105 sukcesy. Bardzo chcieliby\u015bmy podzieli\u0107 si\u0119 z Wami nasza wiedz\u0105 tak, aby projekty przez Was realizowane przynosi\u0142y jak najlepsze efekty.<\/p>\n<p><strong>Du\u017ca dawka wiedzy od praktyk\u00f3w biznesu oraz praktyk\u00f3w doradztwa bizesowego, kt\u00f3rzy przygotowywali i prowadzili procesy dla takich firm jak: CitiBank Handlowy, BG\u017b, ING, Brian Tracy International, Falck i wiele innych.<\/strong><\/p>\n<p>[\/et_pb_text][et_pb_text _builder_version=&#8221;4.17.4&#8243; _module_preset=&#8221;default&#8221; theme_builder_area=&#8221;post_content&#8221; hover_enabled=&#8221;0&#8243; sticky_enabled=&#8221;0&#8243;]<\/p>\n<h3>Je\u015bli chcesz lepiej pomaga\u0107 swoim klientom, zarabia\u0107 wi\u0119cej, mie\u0107 wi\u0119cej satysfakcji z pracy to skorzystaj z naszej wiedzy i do\u015bwiadczenia.<\/h3>\n<p>[\/et_pb_text][et_pb_text _builder_version=&#8221;4.17.4&#8243; _module_preset=&#8221;default&#8221; theme_builder_area=&#8221;post_content&#8221; hover_enabled=&#8221;0&#8243; sticky_enabled=&#8221;0&#8243;]<\/p>\n<p><strong>Szkolenie Konsultant biznesowy MaxieDISC sk\u0142ada si\u0119 z:<\/strong><\/p>\n<ul>\n<li>3 pakiety szkole\u0144 on-line VOD (oko\u0142o 2-3h ka\u017cde)<\/li>\n<li>6 dni szkole\u0144 w Toruniu (3 x 2 dni)<\/li>\n<li>Dodatkowo dla ka\u017cdego uczestnika 3h konsultacji z trenerem ekspertem (telefon\/skype\/zoom) pomi\u0119dzy modu\u0142ami.<\/li>\n<li>Do tego materia\u0142y szkoleniowe oraz 6 raport\u00f3w MaxieDISC do analizy zespo\u0142owej lub sprzeda\u017cowej (raporty sprzeda\u017cowe)<\/li>\n<\/ul>\n<h3><\/h3>\n<h3><span style=\"color: #1177b2;\">Szkolenie sk\u0142ada si\u0119 z 3 modu\u0142\u00f3w:<\/span><\/h3>\n<p>&nbsp;<\/p>\n<h3>Modu\u0142 I \u2013 Efektywna firma i zesp\u00f3\u0142<\/h3>\n<p><strong>Klienci kochaj\u0105 odpowiedzialne i samodzia\u0142aj\u0105ce zespo\u0142y. Poka\u017cemy jak budowa\u0107 je z klientami.<\/strong><\/p>\n<ul>\n<li>Szkolenie on-line w grupie na Facebooku. Filmy ogl\u0105dasz w dogodnym dla siebie terminie. Mo\u017cesz zadawa\u0107 pytania do materia\u0142\u00f3w, a my odpowiadamy.<\/li>\n<li>Szkolenie stacjonarne 2 dni Analizy zespo\u0142owe MaxieDISC:\n<ul>\n<li>osobowo\u015b\u0107 szefa, a zesp\u00f3\u0142 analiza przyk\u0142adowych zespo\u0142\u00f3w oraz zagro\u017ce\u0144 wynikaj\u0105cych ze styl\u00f3w zachowa\u0144<\/li>\n<li>najcz\u0119stsze przyczyny dysfunkcji zespo\u0142\u00f3w radzenie sobie z dysfunkcjami zespo\u0142u dlaczego nale\u017cy stawia\u0107 cele<\/li>\n<\/ul>\n<\/li>\n<\/ul>\n<h3>Modu\u0142 II 2 \u2013 Mentalista Sprzeda\u017cy<\/h3>\n<p><strong>Klienci potrzebuj\u0105 wi\u0119kszej sprzeda\u017cy. Poka\u017c im jak mog\u0105 j\u0105 podnie\u015b\u0107. Jakie potrzeby klienta s\u0105 zagro\u017cone przez Ich sprzeda\u017c? Dlaczego klienci NIE kupuj\u0105?<\/strong><\/p>\n<ul>\n<li>Szkolenie on-line w grupie na Facebooku. Filmy ogl\u0105dasz w dogodnym dla siebie terminie. Mo\u017cesz zadawa\u0107 pytania do materia\u0142\u00f3w, a my odpowiadamy.<\/li>\n<li>Szkolenie stacjonarne 2 dni\n<ul>\n<li>analiza raport\u00f3w sprzeda\u017cowych<\/li>\n<li>proces sprzeda\u017cy \u2013 jego etapy i dopasowanie styl\u00f3w zachowa\u0144 do poszczeg\u00f3lnych etap\u00f3w procesu sprzeda\u017cy jaki styl najlepiej nadaje si\u0119 do pracy w sprzeda\u017cy.<\/li>\n<\/ul>\n<\/li>\n<\/ul>\n<h3>Modu\u0142 III NVC w Biznesie<\/h3>\n<p><strong>W czasie du\u017ce konkurencji ma\u0142o kto s\u0142ucha klienta. Dlatego w B2B wygrywaj\u0105 firmy, kt\u00f3re ws\u0142uchuj\u0105 si\u0119 w klienta i oferuj\u0105 mu to, czego potrzebuje. Nie ma lepszej metody nie NVC, aby nauczy\u0107 si\u0119 s\u0142ysze\u0107 klienta.<\/strong><\/p>\n<ul>\n<li>Szkolenie on-line w grupie na Facebooku. Filmy ogl\u0105dasz w dogodnym dla siebie terminie. Mo\u017cesz zadawa\u0107 pytania do materia\u0142\u00f3w, a my odpowiadamy.<\/li>\n<li>Szkolenie stacjonarne 2 dni\n<ul>\n<li>Czym jest,na czym polega i dlaczego tak dobrze dzia\u0142a<\/li>\n<li>Chcesz mie\u0107 racj\u0119 czy relacj\u0119?<\/li>\n<li>Czym jest fakt, a czym opinia?<\/li>\n<li>Emocje w \u017cyciu i sprzeda\u017cy \u2013 jak je rozpoznawa\u0107 i jak sobie z nimi radzi\u0107.<\/li>\n<li>Czym kieruj\u0105 si\u0119 klienci w decydowaniu, czyli strategie i potrzeby oraz jak je spe\u0142nia\u0107.<\/li>\n<li>NVC narz\u0119dziem zwi\u0119kszaj\u0105cym sprzeda\u017c<\/li>\n<\/ul>\n<\/li>\n<\/ul>\n<p>[\/et_pb_text][\/et_pb_column][\/et_pb_row][\/et_pb_section]<\/p>\n","protected":false},"excerpt":{"rendered":"<p>Konsultant Biznesowy MaxieDISC\u00aeCO POWODUJE, \u017bE NIEKT\u00d3RZY DORADCY I KONSULTANCI OSI\u0104GAJ\u0104 SUKCES, A INNI NIE? My wiemy, co to jest, bo wielokrotnie sprawdzili\u015bmy do w firmach i chcemy pokaza\u0107 Pa\u0144stwu narz\u0119dzia i metody, kt\u00f3re decyduj\u0105 o sukcesie. Celem szkolenia jest pokazanie i nauczenie, jak mo\u017cecie skutecznie pomaga\u0107 waszym klientom w biznesie tak, aby ich firmy ros\u0142y, [&hellip;]<\/p>\n","protected":false},"author":2,"featured_media":0,"parent":0,"menu_order":0,"comment_status":"closed","ping_status":"closed","template":"","meta":{"_et_pb_use_builder":"on","_et_pb_old_content":"","_et_gb_content_width":"","inline_featured_image":false,"footnotes":""},"class_list":["post-887","page","type-page","status-publish","hentry"],"_links":{"self":[{"href":"https:\/\/maxiedisc.com\/en\/wp-json\/wp\/v2\/pages\/887","targetHints":{"allow":["GET"]}}],"collection":[{"href":"https:\/\/maxiedisc.com\/en\/wp-json\/wp\/v2\/pages"}],"about":[{"href":"https:\/\/maxiedisc.com\/en\/wp-json\/wp\/v2\/types\/page"}],"author":[{"embeddable":true,"href":"https:\/\/maxiedisc.com\/en\/wp-json\/wp\/v2\/users\/2"}],"replies":[{"embeddable":true,"href":"https:\/\/maxiedisc.com\/en\/wp-json\/wp\/v2\/comments?post=887"}],"version-history":[{"count":3,"href":"https:\/\/maxiedisc.com\/en\/wp-json\/wp\/v2\/pages\/887\/revisions"}],"predecessor-version":[{"id":891,"href":"https:\/\/maxiedisc.com\/en\/wp-json\/wp\/v2\/pages\/887\/revisions\/891"}],"wp:attachment":[{"href":"https:\/\/maxiedisc.com\/en\/wp-json\/wp\/v2\/media?parent=887"}],"curies":[{"name":"wp","href":"https:\/\/api.w.org\/{rel}","templated":true}]}}