{"id":878,"date":"2022-07-11T12:44:24","date_gmt":"2022-07-11T10:44:24","guid":{"rendered":"https:\/\/maxiedisc.appworksdev.pl\/?page_id=878"},"modified":"2022-08-18T14:20:20","modified_gmt":"2022-08-18T12:20:20","slug":"jak-wykorzystac-narzedzie-maxiedisc-i-jakie-korzysci-daje","status":"publish","type":"page","link":"https:\/\/maxiedisc.com\/en\/jak-wykorzystac-narzedzie-maxiedisc-i-jakie-korzysci-daje\/","title":{"rendered":"Wykorzystanie MaxieDISC\u00ae w coachingu i trenerstwie"},"content":{"rendered":"<p>[et_pb_section fb_built=&#8221;1&#8243; _builder_version=&#8221;4.17.4&#8243; _module_preset=&#8221;default&#8221; global_colors_info=&#8221;{}&#8221;][et_pb_row _builder_version=&#8221;4.17.4&#8243; _module_preset=&#8221;default&#8221; global_colors_info=&#8221;{}&#8221;][et_pb_column type=&#8221;4_4&#8243; _builder_version=&#8221;4.17.4&#8243; _module_preset=&#8221;default&#8221; global_colors_info=&#8221;{}&#8221;][et_pb_text _builder_version=&#8221;4.17.4&#8243; _module_preset=&#8221;default&#8221; global_colors_info=&#8221;{}&#8221;]<\/p>\n<h1>Wykorzystanie MaxieDISC\u00ae w coachingu i szkoleniach<\/h1>\n<p>[\/et_pb_text][et_pb_text _builder_version=&#8221;4.17.4&#8243; _module_preset=&#8221;default&#8221; text_font_size=&#8221;16px&#8221; global_colors_info=&#8221;{}&#8221;]<\/p>\n<p><b>Co decyduje o tym, \u017ce jeste\u015b skutecznym coachem lub trenerem?<\/b><\/p>\n<p><span style=\"font-weight: 400;\">Na pewno umiej\u0119tno\u015bci interpersonalne, zdolno\u015b\u0107 czucia ludzi, umiej\u0119tno\u015b\u0107 s\u0142uchania oraz inne tajniki warsztatu trenera lub coacha, kt\u00f3re pozwalaj\u0105 Ci prawid\u0142owo realizowa\u0107 t\u0119 rol\u0119. Z pewno\u015bci\u0105 r\u00f3wnie\u017c Twoje do\u015bwiadczenie i wiedza, dzi\u0119ki kt\u00f3rym dajesz swoim klientom prawdziw\u0105 warto\u015b\u0107.<\/span><\/p>\n<p><span style=\"font-weight: 400;\">Jednak wiele proces\u00f3w rozwojowych mo\u017cna znacz\u0105co usprawni\u0107, je\u015bli dysponujemy dobrymi narz\u0119dziami diagnostycznymi. Narz\u0119dziami, kt\u00f3re nie tylko diagnozuj\u0105, ale te\u017c umo\u017cliwiaj\u0105 pokazanie wa\u017cnych rzeczy klientowi, czy te\u017c daj\u0105 podstaw\u0119 do projektowanie skutecznych proces\u00f3w rozwojowych.<\/span><\/p>\n<p><span style=\"font-weight: 400;\">Poniewa\u017c sami od wielu lat zajmujemy si\u0119 prac\u0105 z lud\u017ami, wiemy, co jest wa\u017cne, co sprawia problemy, a co pomaga. Tysi\u0105ce godzin szkole\u0144 oraz setki godzin coachingowych da\u0142y nam du\u017ce do\u015bwiadczenie oraz przegl\u0105d r\u00f3\u017cnych technik i narz\u0119dzi. W poszukiwaniu narz\u0119dzia wpisuj\u0105cego si\u0119 dok\u0142adnie w nasze potrzeby postanowili\u015bmy opracowa\u0107 je samodzielnie.<\/span><\/p>\n<p><b>Tak w\u0142a\u015bnie powsta\u0142 system MaxieDISC\u00ae, kt\u00f3ry trener lub coach mo\u017ce z powodzeniem wykorzysta\u0107:<\/b><\/p>\n<ul>\n<li style=\"font-weight: 400;\" aria-level=\"1\"><span style=\"font-weight: 400;\">prowadz\u0105c szkolenia i warsztaty z obszaru kompetencji mi\u0119kkich, jak komunikacja, rozwi\u0105zywanie konflikt\u00f3w, budowanie relacji w zespole,<\/span><\/li>\n<li style=\"font-weight: 400;\" aria-level=\"1\"><span style=\"font-weight: 400;\">pracuj\u0105c z kadr\u0105 kierownicz\u0105 i zarz\u0105dcz\u0105 nad rozwojem kompetencji menad\u017cerskich, jak motywowanie, delegowanie, rozw\u00f3j pracownik\u00f3w,<\/span><\/li>\n<li style=\"font-weight: 400;\" aria-level=\"1\"><span style=\"font-weight: 400;\">szkol\u0105c w zakresie sprzeda\u017cy i obs\u0142ugi klienta, m.in. doboru kana\u0142\u00f3w komunikacji i j\u0119zyka oferty do grup docelowych, negocjowania i pracy z obiekcjami klienta, zarz\u0105dzania relacjami z klientami,<\/span><\/li>\n<li style=\"font-weight: 400;\" aria-level=\"1\"><span style=\"font-weight: 400;\">pracuj\u0105c indywidualnie z klientem nad osi\u0105ganiem cel\u00f3w, zwi\u0119kszaniem potencja\u0142u i osobistej efektywno\u015bci, pokonywaniem barier i radzeniem sobie w sytuacjach trudnych b\u0105d\u017a konfliktowych<\/span><\/li>\n<li style=\"font-weight: 400;\" aria-level=\"1\"><span style=\"font-weight: 400;\">pracuj\u0105c grupowo nad popraw\u0105 wsp\u00f3\u0142pracy w zespole i wykorzystaniem potencja\u0142u oraz synergii wynikaj\u0105cych z \u0142\u0105czenia r\u00f3\u017cnorodnych styl\u00f3w zachowa\u0144 jego cz\u0142onk\u00f3w<\/span><\/li>\n<\/ul>\n<p><b>Dzi\u0119ki stworzonemu przez nas narz\u0119dziu diagnozy behawioralnej MaxieDISC\u00ae, trenerzy i coachowie:<\/b><\/p>\n<ul>\n<li style=\"font-weight: 400;\" aria-level=\"1\"><span style=\"font-weight: 400;\">lepiej rozumiej\u0105 swoich klient\u00f3w i ich potrzeby,<\/span><\/li>\n<li style=\"font-weight: 400;\" aria-level=\"1\"><span style=\"font-weight: 400;\">identyfikuj\u0105 naturalne bariery i obiekcje, kt\u00f3re mog\u0105 zg\u0142asza\u0107 klienci,<\/span><\/li>\n<li style=\"font-weight: 400;\" aria-level=\"1\"><span style=\"font-weight: 400;\">projektuj\u0105 zupe\u0142nie nowe procesy szkoleniowe i rozwojowe,<\/span><\/li>\n<li style=\"font-weight: 400;\" aria-level=\"1\"><span style=\"font-weight: 400;\">rozwijaj\u0105 atrakcyjno\u015b\u0107 oferowanych us\u0142ug,<\/span><\/li>\n<li style=\"font-weight: 400;\" aria-level=\"1\"><span style=\"font-weight: 400;\">zwi\u0119kszaj\u0105 swoje przychody i efektywno\u015b\u0107 dzia\u0142a\u0144 zawodowych.<\/span><\/li>\n<\/ul>\n<p><b>Jeste\u015b ciekaw, co MaxieDISC\u00ae m\u00f3wi o Tobie? <\/b><b><br \/><\/b><b>Wybierz sw\u00f3j wariant badania i skorzystaj z Indywidualnej Diagnozy MaxieDISC\u00ae!\u00a0<\/b><\/p>\n<p>[\/et_pb_text][\/et_pb_column][\/et_pb_row][\/et_pb_section]<\/p>\n","protected":false},"excerpt":{"rendered":"<p>Wykorzystanie MaxieDISC\u00ae w coachingu i szkoleniachCo decyduje o tym, \u017ce jeste\u015b skutecznym coachem lub trenerem? Na pewno umiej\u0119tno\u015bci interpersonalne, zdolno\u015b\u0107 czucia ludzi, umiej\u0119tno\u015b\u0107 s\u0142uchania oraz inne tajniki warsztatu trenera lub coacha, kt\u00f3re pozwalaj\u0105 Ci prawid\u0142owo realizowa\u0107 t\u0119 rol\u0119. Z pewno\u015bci\u0105 r\u00f3wnie\u017c Twoje do\u015bwiadczenie i wiedza, dzi\u0119ki kt\u00f3rym dajesz swoim klientom prawdziw\u0105 warto\u015b\u0107. Jednak wiele proces\u00f3w [&hellip;]<\/p>\n","protected":false},"author":2,"featured_media":0,"parent":0,"menu_order":0,"comment_status":"closed","ping_status":"closed","template":"","meta":{"_et_pb_use_builder":"on","_et_pb_old_content":"","_et_gb_content_width":"","inline_featured_image":false,"footnotes":""},"class_list":["post-878","page","type-page","status-publish","hentry"],"_links":{"self":[{"href":"https:\/\/maxiedisc.com\/en\/wp-json\/wp\/v2\/pages\/878","targetHints":{"allow":["GET"]}}],"collection":[{"href":"https:\/\/maxiedisc.com\/en\/wp-json\/wp\/v2\/pages"}],"about":[{"href":"https:\/\/maxiedisc.com\/en\/wp-json\/wp\/v2\/types\/page"}],"author":[{"embeddable":true,"href":"https:\/\/maxiedisc.com\/en\/wp-json\/wp\/v2\/users\/2"}],"replies":[{"embeddable":true,"href":"https:\/\/maxiedisc.com\/en\/wp-json\/wp\/v2\/comments?post=878"}],"version-history":[{"count":9,"href":"https:\/\/maxiedisc.com\/en\/wp-json\/wp\/v2\/pages\/878\/revisions"}],"predecessor-version":[{"id":1426,"href":"https:\/\/maxiedisc.com\/en\/wp-json\/wp\/v2\/pages\/878\/revisions\/1426"}],"wp:attachment":[{"href":"https:\/\/maxiedisc.com\/en\/wp-json\/wp\/v2\/media?parent=878"}],"curies":[{"name":"wp","href":"https:\/\/api.w.org\/{rel}","templated":true}]}}