{"id":872,"date":"2022-07-11T12:37:00","date_gmt":"2022-07-11T10:37:00","guid":{"rendered":"https:\/\/maxiedisc.appworksdev.pl\/?page_id=872"},"modified":"2023-02-22T17:30:15","modified_gmt":"2023-02-22T16:30:15","slug":"rodzaje-raportow-maxiedisc","status":"publish","type":"page","link":"https:\/\/maxiedisc.com\/en\/rodzaje-raportow-maxiedisc\/","title":{"rendered":"MaxieDISC\u00ae Report Types"},"content":{"rendered":"<p>[et_pb_section fb_built=&#8221;1&#8243; _builder_version=&#8221;4.17.4&#8243; _module_preset=&#8221;default&#8221; global_colors_info=&#8221;{}&#8221;][et_pb_row _builder_version=&#8221;4.17.4&#8243; _module_preset=&#8221;default&#8221; global_colors_info=&#8221;{}&#8221;][et_pb_column type=&#8221;4_4&#8243; _builder_version=&#8221;4.17.4&#8243; _module_preset=&#8221;default&#8221; global_colors_info=&#8221;{}&#8221;][et_pb_text _builder_version=&#8221;4.17.4&#8243; _module_preset=&#8221;default&#8221; global_colors_info=&#8221;{}&#8221;]<\/p>\n<h1>Rodzaje raport\u00f3w MaxieDISC\u00ae<\/h1>\n<p>[\/et_pb_text][et_pb_text _builder_version=&#8221;4.17.4&#8243; _module_preset=&#8221;default&#8221; text_font_size=&#8221;16px&#8221; custom_padding=&#8221;||0px|||&#8221; global_colors_info=&#8221;{}&#8221;]<\/p>\n<p>Praca trenera lub coacha z wykorzystaniem narz\u0119dzia MaxieDISC\u00ae opiera si\u0119 nie tylko o wiedz\u0119 i umiej\u0119tno\u015bci dotycz\u0105ce modelu, ale przede wszystkim o indywidualne diagnozy behawioralne MaxieDISC\u00ae &#8211; dost\u0119pne dla naszych Certyfikowanych Konsultant\u00f3w <strong>w 3 wariantach.<\/strong><\/p>\n<p>[\/et_pb_text][et_pb_text _builder_version=&#8221;4.17.4&#8243; _module_preset=&#8221;default&#8221; text_font_size=&#8221;16px&#8221; custom_padding=&#8221;||0px|||&#8221; text_font_size_tablet=&#8221;16px&#8221; text_font_size_phone=&#8221;16px&#8221; text_font_size_last_edited=&#8221;on|phone&#8221; global_colors_info=&#8221;{}&#8221;]<\/p>\n<p><b>1. Diagnoza behawioralna MaxieDISC\u00ae Klasyczna<\/b><\/p>\n<ul>\n<li>rzeczowe i czytelne informacje o naturalnym stylu zachowa\u0144 respondenta: mocnych stronach, potencjalnych zagro\u017ceniach, naturalnych motywatorach i czynnikach zwi\u0119kszaj\u0105cych efektywno\u015b\u0107 w wybranym kontek\u015bcie rozwojowym,<\/li>\n<li>cenne informacje o adaptacji &#8211; tj. dostosowaniu naturalnych zachowa\u0144 &#8211; do aktualnych oddzia\u0142uj\u0105cych czynnik\u00f3w zewn\u0119trznych i wewn\u0119trznych, mog\u0105cych obni\u017ca\u0107 efektywno\u015b\u0107 i satysfakcj\u0119 z dzia\u0142ania,<\/li>\n<li>najwa\u017cniejsze informacje o za\u0142o\u017ceniach modelu MaxieDISC\u00ae oraz wskaz\u00f3wki dla identyfikowania i komunikowania si\u0119 z osobami o r\u00f3\u017cnych stylach zachowa\u0144.<\/li>\n<\/ul>\n<p><b>2. Diagnoza behawioralna MaxieDISC\u00ae Predyspozycji zawodowych<\/b><\/p>\n<ul>\n<li>przekrojowy opis naturalnego stylu zachowa\u0144 respondenta: kluczowych atrybut\u00f3w i mocnych stron, <strong>predyspozycji zawodowych<\/strong>, motywator\u00f3w w \u015brodowisku pracy, czynnik\u00f3w wzmacniaj\u0105cych oraz os\u0142abiaj\u0105cych efektywno\u015b\u0107 w <strong>\u015brodowisku zawodowym,<\/strong><\/li>\n<li>wa\u017cne informacje o adaptacji &#8211; tj. dopasowaniu naturalnych zachowa\u0144 &#8211; do aktualnych czynnik\u00f3w oddzia\u0142uj\u0105cych w sferze zawodowej, mog\u0105cych obni\u017ca\u0107 skuteczno\u015b\u0107 i satysfakcj\u0119 z wykonywanej pracy,<\/li>\n<li>kluczowe informacje dotycz\u0105ce modelu MaxieDISC\u00ae oraz wykorzystania go w identyfikowaniu potencja\u0142u i predyspozycji do wykonywania okre\u015blonych typ\u00f3w zada\u0144 czy r\u00f3l zawodowych<\/li>\n<\/ul>\n<p><b>3. Diagnoza behawioralna MaxieDISC\u00ae sprzeda\u017cowa<\/b><\/p>\n<p><b><\/b><\/p>\n<ul>\n<li><strong>opisowa charakterystyka respondenta w roli sprzeda\u017cowej:<\/strong> naturalne atrybuty i mocne strony, czynniki os\u0142abiaj\u0105cego skuteczno\u015b\u0107 i takie, kt\u00f3re przychodz\u0105 z \u0142atwo\u015bci\u0105 i czyni\u0105 bardziej przekonuj\u0105cym w kontakcie z klientem,<\/li>\n<li>przedstawienie adaptacji &#8211; tj. dopasowania naturalnych zachowa\u0144 &#8211; do aktualnych czynnik\u00f3w rzutuj\u0105cych na podejmowane dzia\u0142ania sprzeda\u017cowe, mog\u0105cych obni\u017ca\u0107 efekty pracy i os\u0142abia\u0107 pozycj\u0119 sprzeda\u017cow\u0105,<\/li>\n<li>istotne informacje o modelu MaxieDISC\u00ae oraz wskaz\u00f3wki dla u\u017cycia go w identyfikacji stylu zachowa\u0144 klienta, radzeniu sobie z zastrze\u017ceniami oraz zwi\u0119kszaniu szans sprzeda\u017cy.<\/li>\n<\/ul>\n<p>[\/et_pb_text][\/et_pb_column][\/et_pb_row][et_pb_row _builder_version=&#8221;4.19.0&#8243; _module_preset=&#8221;default&#8221; disabled_on=&#8221;on|on|on&#8221; disabled=&#8221;on&#8221; hover_enabled=&#8221;0&#8243; sticky_enabled=&#8221;0&#8243;][et_pb_column _builder_version=&#8221;4.19.0&#8243; _module_preset=&#8221;default&#8221; type=&#8221;4_4&#8243;][et_pb_signup title=&#8221;Pobierz przyk\u0142adowy raport MaxieDISC\u00ae&#8221; description=&#8221;<\/p>\n<p><span>Wyra\u017cam zgod\u0119 na przetwarzanie danych osobowych przez Maxie HIll Sp. z o.o. w celu udzielenia odpowiedzi na przes\u0142ane zapytanie oraz przesy\u0142ania maili informacyjnych oraz handlowych, na m\u00f3j adres e-mail podany powy\u017cej w formularzu kontaktowym.<\/span><\/p>\n<p>&#8221; _builder_version=&#8221;4.19.0&#8243; _module_preset=&#8221;default&#8221; button_text=&#8221;Pobierz raport&#8221; provider=&#8221;sendinblue&#8221; hover_enabled=&#8221;0&#8243; sticky_enabled=&#8221;0&#8243; last_name_field=&#8221;off&#8221; sendinblue_list=&#8221;ksusicki@maxiehillcom|5&#8243; admin_label=&#8221;Subskrypcja email&#8221; success_message=&#8221;Wiadomo\u015b\u0107 zosta\u0142a przes\u0142ana&#8221; background_color=&#8221;#0C71C3&#8243; header_line_height=&#8221;1.2em&#8221; body_font_size=&#8221;12px&#8221;][\/et_pb_signup][\/et_pb_column][\/et_pb_row][\/et_pb_section]<\/p>\n","protected":false},"excerpt":{"rendered":"<p>Rodzaje raport\u00f3w MaxieDISC\u00aePraca trenera lub coacha z wykorzystaniem narz\u0119dzia MaxieDISC\u00ae opiera si\u0119 nie tylko o wiedz\u0119 i umiej\u0119tno\u015bci dotycz\u0105ce modelu, ale przede wszystkim o indywidualne diagnozy behawioralne MaxieDISC\u00ae &#8211; dost\u0119pne dla naszych Certyfikowanych Konsultant\u00f3w w 3 wariantach.1. Diagnoza behawioralna MaxieDISC\u00ae Klasyczna rzeczowe i czytelne informacje o naturalnym stylu zachowa\u0144 respondenta: mocnych stronach, potencjalnych zagro\u017ceniach, naturalnych [&hellip;]<\/p>\n","protected":false},"author":2,"featured_media":0,"parent":0,"menu_order":0,"comment_status":"closed","ping_status":"closed","template":"","meta":{"_et_pb_use_builder":"on","_et_pb_old_content":"","_et_gb_content_width":"","inline_featured_image":false,"footnotes":""},"class_list":["post-872","page","type-page","status-publish","hentry"],"_links":{"self":[{"href":"https:\/\/maxiedisc.com\/en\/wp-json\/wp\/v2\/pages\/872","targetHints":{"allow":["GET"]}}],"collection":[{"href":"https:\/\/maxiedisc.com\/en\/wp-json\/wp\/v2\/pages"}],"about":[{"href":"https:\/\/maxiedisc.com\/en\/wp-json\/wp\/v2\/types\/page"}],"author":[{"embeddable":true,"href":"https:\/\/maxiedisc.com\/en\/wp-json\/wp\/v2\/users\/2"}],"replies":[{"embeddable":true,"href":"https:\/\/maxiedisc.com\/en\/wp-json\/wp\/v2\/comments?post=872"}],"version-history":[{"count":11,"href":"https:\/\/maxiedisc.com\/en\/wp-json\/wp\/v2\/pages\/872\/revisions"}],"predecessor-version":[{"id":1806,"href":"https:\/\/maxiedisc.com\/en\/wp-json\/wp\/v2\/pages\/872\/revisions\/1806"}],"wp:attachment":[{"href":"https:\/\/maxiedisc.com\/en\/wp-json\/wp\/v2\/media?parent=872"}],"curies":[{"name":"wp","href":"https:\/\/api.w.org\/{rel}","templated":true}]}}