{"id":856,"date":"2022-07-11T11:38:25","date_gmt":"2022-07-11T09:38:25","guid":{"rendered":"https:\/\/maxiedisc.appworksdev.pl\/?page_id=856"},"modified":"2023-02-01T19:18:14","modified_gmt":"2023-02-01T18:18:14","slug":"testy-disc","status":"publish","type":"page","link":"https:\/\/maxiedisc.com\/en\/testy-disc\/","title":{"rendered":"Testy DISC &#8211; Badanie styl\u00f3w zachowa\u0144"},"content":{"rendered":"<p>[et_pb_section fb_built=&#8221;1&#8243; _builder_version=&#8221;4.17.4&#8243; _module_preset=&#8221;default&#8221; global_colors_info=&#8221;{}&#8221;][et_pb_row _builder_version=&#8221;4.17.4&#8243; _module_preset=&#8221;default&#8221; global_colors_info=&#8221;{}&#8221;][et_pb_column type=&#8221;4_4&#8243; _builder_version=&#8221;4.17.4&#8243; _module_preset=&#8221;default&#8221; global_colors_info=&#8221;{}&#8221;][et_pb_text _builder_version=&#8221;4.17.4&#8243; _module_preset=&#8221;default&#8221; global_colors_info=&#8221;{}&#8221;]<\/p>\n<h1>Testy DISC &#8211; badanie styl\u00f3w zachowa\u0144<\/h1>\n<p>[\/et_pb_text][et_pb_text _builder_version=&#8221;4.17.4&#8243; _module_preset=&#8221;default&#8221; global_colors_info=&#8221;{}&#8221;]<\/p>\n<p>Do zbadania styl\u00f3w zachowa\u0144 s\u0142u\u017c\u0105\u00a0 testy DISC (w wersji rozszerzonej, test styl\u00f3w zachowania MaxieDISC\u00ae). Daje on informacj\u0119 o stylu zachowa\u0144 respondenta. Jego naturalnym stylu zachowania oraz adaptacji, kt\u00f3r\u0105 dokonuje w miejscu pracy.<\/p>\n<p>Informacje te s\u0105 przydatne w zastosowaniach biznesowych, gdy\u017c na ich podstawie mo\u017cna okre\u015bli\u0107 stosunek respondenta np. do zmian, sposobu sprzedawania, sposobu zarz\u0105dzania, preferowane role zespo\u0142owe.<\/p>\n<p>[\/et_pb_text][et_pb_text _builder_version=&#8221;4.19.0&#8243; _module_preset=&#8221;default&#8221; text_text_color=&#8221;#0C71C3&#8243; text_font_size=&#8221;18px&#8221; hover_enabled=&#8221;0&#8243; global_colors_info=&#8221;{}&#8221; sticky_enabled=&#8221;0&#8243;]<\/p>\n<p>W &#8222;Raporcie styl\u00f3w zachowa\u0144 MaxieDISC\u00ae&#8221; znajduj\u0105 si\u0119 nast\u0119puj\u0105ce pozycje:<\/p>\n<p>[\/et_pb_text][et_pb_text _builder_version=&#8221;4.17.4&#8243; _module_preset=&#8221;default&#8221; custom_margin_tablet=&#8221;&#8221; custom_margin_phone=&#8221;&#8221; custom_margin_last_edited=&#8221;on|phone&#8221; custom_padding=&#8221;|||10px|false|false&#8221; global_colors_info=&#8221;{}&#8221;]<\/p>\n<ul>\n<li>Og\u00f3lna charakterystyka<\/li>\n<li>Atrybuty<\/li>\n<li>Mocne strony<\/li>\n<li>Potencjalne zagro\u017cenia<\/li>\n<li>Motywatory<\/li>\n<li>Rzeczy, kt\u00f3re przychodz\u0105 z \u0142atwo\u015bci\u0105<\/li>\n<li>Czego nie lubi<\/li>\n<\/ul>\n<p>[\/et_pb_text][et_pb_button button_url=&#8221;https:\/\/maxiedisc.com\/wp-content\/uploads\/2023\/01\/Krzysztof-Przykladny.pdf&#8221; url_new_window=&#8221;on&#8221; button_text=&#8221;Pobierz przyk\u0142adowy Raport Diagnozy MaxieDISC\u00ae&#8221; _builder_version=&#8221;4.19.0&#8243; _module_preset=&#8221;default&#8221; custom_button=&#8221;on&#8221; button_text_size=&#8221;15px&#8221; button_text_color=&#8221;#FFFFFF&#8221; button_bg_color=&#8221;#0C71C3&#8243; button_border_radius=&#8221;6px&#8221; global_colors_info=&#8221;{}&#8221;][\/et_pb_button][et_pb_text _builder_version=&#8221;4.17.4&#8243; _module_preset=&#8221;default&#8221; global_colors_info=&#8221;{}&#8221;]<\/p>\n<p>Test MaxieDISC\u00ae sk\u0142ada si\u0119 z 24 stwierdze\u0144, kt\u00f3re trzeba pozaznacza\u0107 w odpowiadaj\u0105cej nam kolejno\u015bci. Zajmuje to najcz\u0119\u015bciej 20-25 minut.<\/p>\n<p>[\/et_pb_text][et_pb_image src=&#8221;https:\/\/maxiedisc.com\/wp-content\/uploads\/2022\/08\/Pytania-do-testu-DISC-1.png&#8221; alt=&#8221;Pytania do testu DISC&#8221; title_text=&#8221;Pytania do testu DISC&#8221; _builder_version=&#8221;4.17.4&#8243; _module_preset=&#8221;default&#8221; width=&#8221;80%&#8221; width_tablet=&#8221;80%&#8221; width_phone=&#8221;80%&#8221; width_last_edited=&#8221;on|phone&#8221; min_height_tablet=&#8221;&#8221; min_height_phone=&#8221;&#8221; min_height_last_edited=&#8221;on|desktop&#8221; global_colors_info=&#8221;{}&#8221;][\/et_pb_image][et_pb_text _builder_version=&#8221;4.17.4&#8243; _module_preset=&#8221;default&#8221; global_colors_info=&#8221;{}&#8221;]<\/p>\n<div class=\"x-text\">\n<p><strong>Na podstawie wype\u0142nionego kwestionariusza, system generuje &#8222;Raport styl\u00f3w zachowa\u0144 Maxie DISC\u00ae&#8221;.<\/strong><\/p>\n<\/div>\n<p>[\/et_pb_text][et_pb_text _builder_version=&#8221;4.17.4&#8243; _module_preset=&#8221;default&#8221; text_text_color=&#8221;#0C71C3&#8243; text_font_size=&#8221;18px&#8221; global_colors_info=&#8221;{}&#8221;]<\/p>\n<p>Do czego mo\u017ce si\u0119 przyda\u0107 raport testu MaxieDISC\u00ae?<\/p>\n<p>[\/et_pb_text][et_pb_text _builder_version=&#8221;4.17.4&#8243; _module_preset=&#8221;default&#8221; custom_margin_tablet=&#8221;&#8221; custom_margin_phone=&#8221;&#8221; custom_margin_last_edited=&#8221;on|phone&#8221; custom_padding=&#8221;|||10px|false|false&#8221; global_colors_info=&#8221;{}&#8221;]<\/p>\n<p><strong>Raporty wygenerowane na bazie test\u00f3w MaxieDISC\u00ae maj\u0105 bardzo szerokie zastosowania. Poniewa\u017c przekazuj\u0105 du\u017c\u0105 ilo\u015b\u0107 danych na temat preferencji styl\u00f3w zachowa\u0144 respondenta, to mog\u0105 by\u0107 skutecznie u\u017cywane do:<\/strong><\/p>\n<p>&nbsp;<\/p>\n<ul>\n<li style=\"list-style-type: none;\">\n<ul>\n<li>Zbadania potencja\u0142u zespo\u0142u i zwi\u0119kszenia jego efektywno\u015bci.<\/li>\n<li>Zatrudniania os\u00f3b o w\u0142a\u015bciwych kompetencjach.<\/li>\n<li>Rozwi\u0105zywania konflikt\u00f3w w zespole.<\/li>\n<li>Zwi\u0119kszania efektywno\u015bci w zespole dzi\u0119ki lepszemu dopasowaniu zada\u0144 do kompetencji pracownik\u00f3w.<\/li>\n<li>Szybko i skutecznie wdro\u017cy\u0107 zmiany w zespole\/firmie<\/li>\n<li>Zwi\u0119ksza\u0107 efektywno\u015b\u0107 lider\u00f3w i menad\u017cer\u00f3w.<\/li>\n<li>Coachingu.<\/li>\n<li>Szkole\u0144. Zar\u00f3wno od strony trenera (znajomo\u015b\u0107 grupy) jak i os\u00f3b szkol\u0105cych si\u0119 (samo\u015bwiadomo\u015b\u0107 i rozw\u00f3j).<\/li>\n<li>Inwestowania finansowego (dob\u00f3r strategii inwestycyjnej do styl\u00f3w zachowa\u0144).<\/li>\n<li>I wiele innych. Wsz\u0119dzie tam, gdzie pracujemy z lud\u017ami mo\u017cna znale\u017a\u0107 zastosowania.<\/li>\n<\/ul>\n<\/li>\n<\/ul>\n<p>[\/et_pb_text][et_pb_text _builder_version=&#8221;4.17.4&#8243; _module_preset=&#8221;default&#8221; custom_margin_tablet=&#8221;&#8221; custom_margin_phone=&#8221;&#8221; custom_margin_last_edited=&#8221;on|phone&#8221; custom_padding=&#8221;|||10px|false|false&#8221; global_colors_info=&#8221;{}&#8221;][\/et_pb_text][et_pb_text _builder_version=&#8221;4.17.4&#8243; _module_preset=&#8221;default&#8221; text_text_color=&#8221;#0C71C3&#8243; text_font_size=&#8221;18px&#8221; global_colors_info=&#8221;{}&#8221;]<\/p>\n<p>Styl Naturalny i Adaptowany &#8211; przydatne informacje z raportu<\/p>\n<p>[\/et_pb_text][\/et_pb_column][\/et_pb_row][et_pb_row column_structure=&#8221;1_2,1_2&#8243; _builder_version=&#8221;4.17.4&#8243; _module_preset=&#8221;default&#8221; global_colors_info=&#8221;{}&#8221;][et_pb_column type=&#8221;1_2&#8243; _builder_version=&#8221;4.17.4&#8243; _module_preset=&#8221;default&#8221; global_colors_info=&#8221;{}&#8221;][et_pb_image src=&#8221;https:\/\/maxiedisc.com\/wp-content\/uploads\/2022\/07\/Test-DISC-zachowania-adaptowane-maxiedisc.png&#8221; title_text=&#8221;Test-DISC-zachowania-adaptowane-maxiedisc&#8221; _builder_version=&#8221;4.17.4&#8243; _module_preset=&#8221;default&#8221; global_colors_info=&#8221;{}&#8221;][\/et_pb_image][et_pb_text _builder_version=&#8221;4.17.4&#8243; _module_preset=&#8221;default&#8221; global_colors_info=&#8221;{}&#8221;]<\/p>\n<p style=\"text-align: center;\">Zachowania Adaptowane<\/p>\n<p>[\/et_pb_text][\/et_pb_column][et_pb_column type=&#8221;1_2&#8243; _builder_version=&#8221;4.17.4&#8243; _module_preset=&#8221;default&#8221; global_colors_info=&#8221;{}&#8221;][et_pb_image src=&#8221;https:\/\/maxiedisc.com\/wp-content\/uploads\/2022\/07\/Test-DISC-zachowania-naturalne-maxiedisc.png&#8221; title_text=&#8221;Test-DISC-zachowania-naturalne-maxiedisc&#8221; _builder_version=&#8221;4.17.4&#8243; _module_preset=&#8221;default&#8221; global_colors_info=&#8221;{}&#8221;][\/et_pb_image][et_pb_text _builder_version=&#8221;4.17.4&#8243; _module_preset=&#8221;default&#8221; global_colors_info=&#8221;{}&#8221;]<\/p>\n<p style=\"text-align: center;\">Zachowania Naturalne<\/p>\n<p>[\/et_pb_text][\/et_pb_column][\/et_pb_row][et_pb_row _builder_version=&#8221;4.17.4&#8243; _module_preset=&#8221;default&#8221; global_colors_info=&#8221;{}&#8221;][et_pb_column type=&#8221;4_4&#8243; _builder_version=&#8221;4.17.4&#8243; _module_preset=&#8221;default&#8221; global_colors_info=&#8221;{}&#8221;][et_pb_text _builder_version=&#8221;4.17.4&#8243; _module_preset=&#8221;default&#8221; global_colors_info=&#8221;{}&#8221;]<\/p>\n<p><strong>Wykresy stylu naturalnego i adaptowanego MaxieDISC\u00ae powinny by\u0107 analizowane razem.<\/strong><\/p>\n<p>Im wi\u0119ksza jest r\u00f3\u017cnica pomi\u0119dzy wykresami, tym wi\u0119cej energii osoba badana zu\u017cywa na dopasowanie (adaptowanie) swoich zachowa\u0144 naturalnych (preferowanych) do tych, kt\u00f3re uwa\u017ca za po\u017c\u0105dane np. w miejscu pracy czy w zwi\u0105zku.<\/p>\n<p>Podobie\u0144stwo profili wskazuje na to, \u017ce osoba badana czuje si\u0119 komfortowo, bo w danym obszarze \u017cycia, np. zawodowym, dzia\u0142a w zgodzie z sob\u0105, w spos\u00f3b zbli\u017cony do preferowanego (naturalnego) stylu zachowa\u0144.<\/p>\n<p>Du\u017ce r\u00f3\u017cnice pomi\u0119dzy profilami sugeruj\u0105 mo\u017cliwo\u015b\u0107 dyskomfortu zwi\u0105zanego z wymuszonym (adaptowanym) zachowaniem si\u0119, czyli w spos\u00f3b niezgodny z naturalnymi potrzebami.<\/p>\n<p>Oczywi\u015bcie r\u00f3\u017cni ludzie maj\u0105 r\u00f3\u017cne zdolno\u015bci adaptacyjne i elastyczno\u015b\u0107 w dopasowaniu si\u0119 do sytuacji. S\u0105 osoby, kt\u00f3re \u0142atwiej si\u0119gaj\u0105 do inny styl\u00f3w, a s\u0105 takie osoby, kt\u00f3rym przychodzi to z trudno\u015bci\u0105.<\/p>\n<p>Dlatego tak przydatne mo\u017ce by\u0107 wykonanie testu MaxieDISC\u00ae, aby dowiedzie\u0107 si\u0119 o swoich adaptacjach w miejscu pracy i o tym, co mo\u017cna zrobi\u0107, aby by\u0107 bardziej efektywnym i zadowolonym.<\/p>\n<p>[\/et_pb_text][et_pb_button button_url=&#8221;https:\/\/maxiedisc.com\/wp-content\/uploads\/2023\/01\/Krzysztof-Przykladny.pdf&#8221; url_new_window=&#8221;on&#8221; button_text=&#8221;Pobierz przyk\u0142adowy Raport Diagnozy MaxieDISC\u00ae&#8221; _builder_version=&#8221;4.19.0&#8243; _module_preset=&#8221;default&#8221; custom_button=&#8221;on&#8221; button_text_size=&#8221;15px&#8221; button_text_color=&#8221;#FFFFFF&#8221; button_bg_color=&#8221;#0C71C3&#8243; button_border_radius=&#8221;6px&#8221; global_colors_info=&#8221;{}&#8221;][\/et_pb_button][\/et_pb_column][\/et_pb_row][\/et_pb_section][et_pb_section fb_built=&#8221;1&#8243; admin_label=&#8221;Popup &#8211; #prosba-o-raport&#8221; module_id=&#8221;prosba-o-raport&#8221; module_class=&#8221;popup&#8221; _builder_version=&#8221;4.19.0&#8243; _module_preset=&#8221;default&#8221; global_colors_info=&#8221;{}&#8221;][\/et_pb_section]<\/p>\n","protected":false},"excerpt":{"rendered":"<p>Testy DISC &#8211; badanie styl\u00f3w zachowa\u0144Do zbadania styl\u00f3w zachowa\u0144 s\u0142u\u017c\u0105\u00a0 testy DISC (w wersji rozszerzonej, test styl\u00f3w zachowania MaxieDISC\u00ae). Daje on informacj\u0119 o stylu zachowa\u0144 respondenta. Jego naturalnym stylu zachowania oraz adaptacji, kt\u00f3r\u0105 dokonuje w miejscu pracy. Informacje te s\u0105 przydatne w zastosowaniach biznesowych, gdy\u017c na ich podstawie mo\u017cna okre\u015bli\u0107 stosunek respondenta np. do zmian, [&hellip;]<\/p>\n","protected":false},"author":2,"featured_media":0,"parent":0,"menu_order":0,"comment_status":"closed","ping_status":"closed","template":"","meta":{"_et_pb_use_builder":"on","_et_pb_old_content":"","_et_gb_content_width":"","inline_featured_image":false,"footnotes":""},"class_list":["post-856","page","type-page","status-publish","hentry"],"_links":{"self":[{"href":"https:\/\/maxiedisc.com\/en\/wp-json\/wp\/v2\/pages\/856","targetHints":{"allow":["GET"]}}],"collection":[{"href":"https:\/\/maxiedisc.com\/en\/wp-json\/wp\/v2\/pages"}],"about":[{"href":"https:\/\/maxiedisc.com\/en\/wp-json\/wp\/v2\/types\/page"}],"author":[{"embeddable":true,"href":"https:\/\/maxiedisc.com\/en\/wp-json\/wp\/v2\/users\/2"}],"replies":[{"embeddable":true,"href":"https:\/\/maxiedisc.com\/en\/wp-json\/wp\/v2\/comments?post=856"}],"version-history":[{"count":17,"href":"https:\/\/maxiedisc.com\/en\/wp-json\/wp\/v2\/pages\/856\/revisions"}],"predecessor-version":[{"id":1738,"href":"https:\/\/maxiedisc.com\/en\/wp-json\/wp\/v2\/pages\/856\/revisions\/1738"}],"wp:attachment":[{"href":"https:\/\/maxiedisc.com\/en\/wp-json\/wp\/v2\/media?parent=856"}],"curies":[{"name":"wp","href":"https:\/\/api.w.org\/{rel}","templated":true}]}}