{"id":380,"date":"2022-04-19T15:54:21","date_gmt":"2022-04-19T13:54:21","guid":{"rendered":"http:\/\/maxiedisc.appworksdev.pl\/?page_id=380"},"modified":"2023-06-12T17:05:30","modified_gmt":"2023-06-12T15:05:30","slug":"kontakt","status":"publish","type":"page","link":"https:\/\/maxiedisc.com\/en\/kontakt\/","title":{"rendered":"Kontakt z MaxieDISC\u00ae"},"content":{"rendered":"<p>[et_pb_section fb_built=&#8221;1&#8243; _builder_version=&#8221;4.16.1&#8243; _module_preset=&#8221;default&#8221; da_disable_devices=&#8221;off|off|off&#8221; global_colors_info=&#8221;{}&#8221; da_is_popup=&#8221;off&#8221; da_exit_intent=&#8221;off&#8221; da_has_close=&#8221;on&#8221; da_alt_close=&#8221;off&#8221; da_dark_close=&#8221;off&#8221; da_not_modal=&#8221;on&#8221; da_is_singular=&#8221;off&#8221; da_with_loader=&#8221;off&#8221; da_has_shadow=&#8221;on&#8221;][et_pb_row column_structure=&#8221;1_2,1_2&#8243; _builder_version=&#8221;4.17.1&#8243; _module_preset=&#8221;default&#8221; global_colors_info=&#8221;{}&#8221;][et_pb_column type=&#8221;1_2&#8243; _builder_version=&#8221;4.17.1&#8243; _module_preset=&#8221;default&#8221; global_colors_info=&#8221;{}&#8221;][et_pb_image src=&#8221;https:\/\/maxiedisc.com\/wp-content\/uploads\/2022\/04\/MaxieDISC-Proste-Logor-600px-Kwadrat.jpg&#8221; alt=&#8221;Logo MaxieDISC\u00ae&#8221; title_text=&#8221;MaxieDISC-Proste-Logo(r)-600px-Kwadrat&#8221; _builder_version=&#8221;4.17.4&#8243; _module_preset=&#8221;default&#8221; width=&#8221;68%&#8221; width_tablet=&#8221;68%&#8221; width_phone=&#8221;68%&#8221; width_last_edited=&#8221;on|phone&#8221; max_width=&#8221;100%&#8221; max_width_tablet=&#8221;43%&#8221; max_width_phone=&#8221;49%&#8221; max_width_last_edited=&#8221;on|desktop&#8221; global_colors_info=&#8221;{}&#8221;][\/et_pb_image][\/et_pb_column][et_pb_column type=&#8221;1_2&#8243; _builder_version=&#8221;4.17.1&#8243; _module_preset=&#8221;default&#8221; global_colors_info=&#8221;{}&#8221;][et_pb_text _builder_version=&#8221;4.17.1&#8243; _module_preset=&#8221;default&#8221; text_font_size=&#8221;16px&#8221; global_colors_info=&#8221;{}&#8221;]<\/p>\n<p style=\"text-align: center;\"><strong>Maxie Hill Sp. z o.o<\/strong><\/p>\n<p>[\/et_pb_text][et_pb_text _builder_version=&#8221;4.19.0&#8243; _module_preset=&#8221;default&#8221; global_colors_info=&#8221;{}&#8221;]<\/p>\n<p style=\"text-align: center;\">\u015aw. Marcin 29\/8 61-806 Pozna\u0144<br \/>NIP: 7831725809 \/ Regon: 361394835<\/p>\n<p style=\"text-align: center;\"><a href=\"\u201dtel:+48\" 570490040=\"\">570 490 040<br \/><\/a><a href=\"mailto:office@maxiedisc.com\">office@maxiedisc.com<\/a><\/p>\n<p>[\/et_pb_text][\/et_pb_column][\/et_pb_row][et_pb_row _builder_version=&#8221;4.16.1&#8243; _module_preset=&#8221;default&#8221; locked=&#8221;off&#8221; global_colors_info=&#8221;{}&#8221;][et_pb_column type=&#8221;4_4&#8243; _builder_version=&#8221;4.16.1&#8243; _module_preset=&#8221;default&#8221; global_colors_info=&#8221;{}&#8221;][et_pb_divider _builder_version=&#8221;4.17.1&#8243; _module_preset=&#8221;default&#8221; custom_margin=&#8221;10px||||false|false&#8221; custom_margin_tablet=&#8221;10px||||false|false&#8221; custom_margin_phone=&#8221;-40px||-5px||false|false&#8221; custom_margin_last_edited=&#8221;on|desktop&#8221; global_colors_info=&#8221;{}&#8221;][\/et_pb_divider][\/et_pb_column][\/et_pb_row][et_pb_row _builder_version=&#8221;4.17.4&#8243; _module_preset=&#8221;default&#8221; global_colors_info=&#8221;{}&#8221;][et_pb_column type=&#8221;4_4&#8243; _builder_version=&#8221;4.17.4&#8243; _module_preset=&#8221;default&#8221; global_colors_info=&#8221;{}&#8221;][et_pb_contact_form email=&#8221;office@maxiedisc.com&#8221; title=&#8221;Chcesz wiedzie\u0107 wi\u0119cej? Napisz do nas, a skontaktujemy si\u0119 z Tob\u0105.&#8221; success_message=&#8221;Wiadomo\u015b\u0107 wys\u0142ana&#8221; submit_button_text=&#8221;Wy\u015blij&#8221; _builder_version=&#8221;4.19.0&#8243; _module_preset=&#8221;default&#8221; _unique_id=&#8221;45aebee9-0f52-4b11-ad64-27992c4dae0e&#8221; form_field_text_color=&#8221;#000000&#8243; form_field_focus_text_color=&#8221;#3a0d00&#8243; captcha_text_color=&#8221;#000000&#8243; background_color=&#8221;#F1EEF5&#8243; custom_button=&#8221;on&#8221; button_text_size=&#8221;16px&#8221; button_text_color=&#8221;#000000&#8243; button_bg_color=&#8221;#FFFFFF&#8221; button_border_width=&#8221;0px&#8221; button_border_color=&#8221;#FFFFFF&#8221; button_border_radius=&#8221;14px&#8221; button_use_icon=&#8221;off&#8221; button_custom_margin=&#8221;4px||||false|false&#8221; button_custom_padding=&#8221;5px|45px|5px|45px|false|false&#8221; custom_margin=&#8221;0px||||false|false&#8221; custom_padding=&#8221;30px|40px|30px|40px|false|false&#8221; hover_enabled=&#8221;0&#8243; global_module=&#8221;1496&#8243; global_colors_info=&#8221;{}&#8221; custom_message=&#8221;Imi\u0119 i Nazwisko: %%Name%%||et_pb_line_break_holder||Adres email nadawcy: %%Email%%||et_pb_line_break_holder||Tre\u015b\u0107 przes\u0142anej wiadomo\u015bci: %%Message%%&#8221; sticky_enabled=&#8221;0&#8243;][et_pb_contact_field field_id=&#8221;imie_i_nazwisko&#8221; field_title=&#8221;Imi\u0119 i nazwisko&#8221; _builder_version=&#8221;4.17.4&#8243; form_field_background_color=&#8221;#FFFFFF&#8221; border_radii=&#8221;on|14px|14px|14px|14px&#8221; global_colors_info=&#8221;{}&#8221; button_text_size__hover_enabled=&#8221;off&#8221; button_one_text_size__hover_enabled=&#8221;off&#8221; button_two_text_size__hover_enabled=&#8221;off&#8221; button_text_color__hover_enabled=&#8221;off&#8221; button_one_text_color__hover_enabled=&#8221;off&#8221; button_two_text_color__hover_enabled=&#8221;off&#8221; button_border_width__hover_enabled=&#8221;off&#8221; button_one_border_width__hover_enabled=&#8221;off&#8221; button_two_border_width__hover_enabled=&#8221;off&#8221; button_border_color__hover_enabled=&#8221;off&#8221; button_one_border_color__hover_enabled=&#8221;off&#8221; button_two_border_color__hover_enabled=&#8221;off&#8221; button_border_radius__hover_enabled=&#8221;off&#8221; button_one_border_radius__hover_enabled=&#8221;off&#8221; button_two_border_radius__hover_enabled=&#8221;off&#8221; button_letter_spacing__hover_enabled=&#8221;off&#8221; button_one_letter_spacing__hover_enabled=&#8221;off&#8221; button_two_letter_spacing__hover_enabled=&#8221;off&#8221; button_bg_color__hover_enabled=&#8221;off&#8221; button_one_bg_color__hover_enabled=&#8221;off&#8221; button_two_bg_color__hover_enabled=&#8221;off&#8221;][\/et_pb_contact_field][et_pb_contact_field field_id=&#8221;Email&#8221; field_title=&#8221;Adres email&#8221; field_type=&#8221;email&#8221; _builder_version=&#8221;4.17.4&#8243; form_field_background_color=&#8221;#FFFFFF&#8221; border_radii=&#8221;on|14px|14px|14px|14px&#8221; global_colors_info=&#8221;{}&#8221; button_text_size__hover_enabled=&#8221;off&#8221; button_one_text_size__hover_enabled=&#8221;off&#8221; button_two_text_size__hover_enabled=&#8221;off&#8221; button_text_color__hover_enabled=&#8221;off&#8221; button_one_text_color__hover_enabled=&#8221;off&#8221; button_two_text_color__hover_enabled=&#8221;off&#8221; button_border_width__hover_enabled=&#8221;off&#8221; button_one_border_width__hover_enabled=&#8221;off&#8221; button_two_border_width__hover_enabled=&#8221;off&#8221; button_border_color__hover_enabled=&#8221;off&#8221; button_one_border_color__hover_enabled=&#8221;off&#8221; button_two_border_color__hover_enabled=&#8221;off&#8221; button_border_radius__hover_enabled=&#8221;off&#8221; button_one_border_radius__hover_enabled=&#8221;off&#8221; button_two_border_radius__hover_enabled=&#8221;off&#8221; button_letter_spacing__hover_enabled=&#8221;off&#8221; button_one_letter_spacing__hover_enabled=&#8221;off&#8221; button_two_letter_spacing__hover_enabled=&#8221;off&#8221; button_bg_color__hover_enabled=&#8221;off&#8221; button_one_bg_color__hover_enabled=&#8221;off&#8221; button_two_bg_color__hover_enabled=&#8221;off&#8221;][\/et_pb_contact_field][et_pb_contact_field field_id=&#8221;Temat&#8221; field_title=&#8221;Wybierz temat wiadomo\u015bci&#8221; field_type=&#8221;select&#8221; select_options=&#8221;%91{%22value%22:%22Inny temat.%22,%22checked%22:0,%22dragID%22:1},{%22value%22:%22Ile kosztuje szkolenie i co zawiera si\u0119 w cenie?%22,%22checked%22:0,%22dragID%22:-1},{%22value%22:%22Jak dok\u0142adnie wygl\u0105da proces certyfikacji?%22,%22checked%22:0,%22dragID%22:0},{%22value%22:%22Kiedy jest najbli\u017csze szkolenie?%22,%22checked%22:0,%22dragID%22:2}%93&#8243; _builder_version=&#8221;4.17.4&#8243; _module_preset=&#8221;default&#8221; form_field_background_color=&#8221;#FFFFFF&#8221; border_radii=&#8221;on|14px|14px|14px|14px&#8221; global_colors_info=&#8221;{}&#8221;][\/et_pb_contact_field][et_pb_contact_field field_id=&#8221;Message&#8221; field_title=&#8221;Tekst wiadomo\u015bci. Np. Czy s\u0105 dost\u0119pne miejsca na nast\u0119pne szkolenie? Kiedy odbywaj\u0105 si\u0119 szkolenia? Jaka jest cena certyfikacji?&#8221; field_type=&#8221;text&#8221; _builder_version=&#8221;4.17.4&#8243; form_field_background_color=&#8221;#FFFFFF&#8221; border_radii=&#8221;on|14px|14px|14px|14px&#8221; global_colors_info=&#8221;{}&#8221; button_text_size__hover_enabled=&#8221;off&#8221; button_one_text_size__hover_enabled=&#8221;off&#8221; button_two_text_size__hover_enabled=&#8221;off&#8221; button_text_color__hover_enabled=&#8221;off&#8221; button_one_text_color__hover_enabled=&#8221;off&#8221; button_two_text_color__hover_enabled=&#8221;off&#8221; button_border_width__hover_enabled=&#8221;off&#8221; button_one_border_width__hover_enabled=&#8221;off&#8221; button_two_border_width__hover_enabled=&#8221;off&#8221; button_border_color__hover_enabled=&#8221;off&#8221; button_one_border_color__hover_enabled=&#8221;off&#8221; button_two_border_color__hover_enabled=&#8221;off&#8221; button_border_radius__hover_enabled=&#8221;off&#8221; button_one_border_radius__hover_enabled=&#8221;off&#8221; button_two_border_radius__hover_enabled=&#8221;off&#8221; button_letter_spacing__hover_enabled=&#8221;off&#8221; button_one_letter_spacing__hover_enabled=&#8221;off&#8221; button_two_letter_spacing__hover_enabled=&#8221;off&#8221; button_bg_color__hover_enabled=&#8221;off&#8221; button_one_bg_color__hover_enabled=&#8221;off&#8221; button_two_bg_color__hover_enabled=&#8221;off&#8221;][\/et_pb_contact_field][et_pb_contact_field field_id=&#8221;Zgoda_RODO&#8221; field_title=&#8221;Wyra\u017cenie zgody na przetwarzanie danych&#8221; field_type=&#8221;checkbox&#8221; checkbox_options=&#8221;%91{%22value%22:%22Wyra\u017cam zgod\u0119 na przetwarzanie danych osobowych przez Maxie HIll Sp. z o.o. w celu udzielenia odpowiedzi na przes\u0142ane zapytanie, na m\u00f3j adres e-mail podany powy\u017cej w formularzu kontaktowym.%22,%22checked%22:0,%22dragID%22:-1}%93&#8243; _builder_version=&#8221;4.17.4&#8243; _module_preset=&#8221;default&#8221; form_field_background_color=&#8221;#FFFFFF&#8221; border_radii=&#8221;on|14px|14px|14px|14px&#8221; global_colors_info=&#8221;{}&#8221;][\/et_pb_contact_field][\/et_pb_contact_form][\/et_pb_column][\/et_pb_row][\/et_pb_section]<\/p>\n","protected":false},"excerpt":{"rendered":"<p>Maxie Hill Sp. z o.o\u015aw. Marcin 29\/8 61-806 Pozna\u0144NIP: 7831725809 \/ Regon: 361394835 570 490 040office@maxiedisc.com<\/p>","protected":false},"author":2,"featured_media":0,"parent":0,"menu_order":0,"comment_status":"closed","ping_status":"closed","template":"","meta":{"_et_pb_use_builder":"on","_et_pb_old_content":"","_et_gb_content_width":"","inline_featured_image":false,"footnotes":""},"class_list":["post-380","page","type-page","status-publish","hentry"],"_links":{"self":[{"href":"https:\/\/maxiedisc.com\/en\/wp-json\/wp\/v2\/pages\/380","targetHints":{"allow":["GET"]}}],"collection":[{"href":"https:\/\/maxiedisc.com\/en\/wp-json\/wp\/v2\/pages"}],"about":[{"href":"https:\/\/maxiedisc.com\/en\/wp-json\/wp\/v2\/types\/page"}],"author":[{"embeddable":true,"href":"https:\/\/maxiedisc.com\/en\/wp-json\/wp\/v2\/users\/2"}],"replies":[{"embeddable":true,"href":"https:\/\/maxiedisc.com\/en\/wp-json\/wp\/v2\/comments?post=380"}],"version-history":[{"count":21,"href":"https:\/\/maxiedisc.com\/en\/wp-json\/wp\/v2\/pages\/380\/revisions"}],"predecessor-version":[{"id":1851,"href":"https:\/\/maxiedisc.com\/en\/wp-json\/wp\/v2\/pages\/380\/revisions\/1851"}],"wp:attachment":[{"href":"https:\/\/maxiedisc.com\/en\/wp-json\/wp\/v2\/media?parent=380"}],"curies":[{"name":"wp","href":"https:\/\/api.w.org\/{rel}","templated":true}]}}